{"id":388,"date":"2023-02-03T15:23:10","date_gmt":"2023-02-03T15:23:10","guid":{"rendered":"https:\/\/maiskled.com\/?page_id=388"},"modified":"2023-03-23T21:21:58","modified_gmt":"2023-03-23T21:21:58","slug":"onde-estamos","status":"publish","type":"page","link":"https:\/\/maiskled.com\/es\/onde-estamos\/","title":{"rendered":"Donde estamos"},"content":{"rendered":"<div data-elementor-type=\"wp-page\" data-elementor-id=\"388\" class=\"elementor elementor-388\">\n\t\t\t\t\t\t<section class=\"elementor-section elementor-top-section elementor-element elementor-element-dd7f600 elementor-section-boxed elementor-section-height-default elementor-section-height-default elementor-invisible\" data-id=\"dd7f600\" data-element_type=\"section\" data-settings=\"{&quot;background_background&quot;:&quot;gradient&quot;,&quot;animation&quot;:&quot;fadeIn&quot;}\">\n\t\t\t\t\t\t<div class=\"elementor-container elementor-column-gap-default\">\n\t\t\t\t\t<div class=\"elementor-column elementor-col-100 elementor-top-column elementor-element elementor-element-737cda9\" data-id=\"737cda9\" data-element_type=\"column\">\n\t\t\t<div class=\"elementor-widget-wrap elementor-element-populated\">\n\t\t\t\t\t\t<div class=\"elementor-element elementor-element-7da9a3d elementor-widget elementor-widget-spacer\" data-id=\"7da9a3d\" data-element_type=\"widget\" data-widget_type=\"spacer.default\">\n\t\t\t\t<div class=\"elementor-widget-container\">\n\t\t\t\t\t<div class=\"elementor-spacer\">\n\t\t\t<div class=\"elementor-spacer-inner\"><\/div>\n\t\t<\/div>\n\t\t\t\t<\/div>\n\t\t\t\t<\/div>\n\t\t\t\t<div class=\"elementor-element elementor-element-bd77b22 productos elementor-widget elementor-widget-heading\" data-id=\"bd77b22\" data-element_type=\"widget\" data-widget_type=\"heading.default\">\n\t\t\t\t<div class=\"elementor-widget-container\">\n\t\t\t<h2 class=\"elementor-heading-title elementor-size-default\"><a href=\"https:\/\/maiskled.com\/es\/produtos\/\">DONDE ESTAMOS<\/a><\/h2>\t\t<\/div>\n\t\t\t\t<\/div>\n\t\t\t\t<div class=\"elementor-element elementor-element-be0a63c elementor-widget elementor-widget-spacer\" data-id=\"be0a63c\" data-element_type=\"widget\" data-widget_type=\"spacer.default\">\n\t\t\t\t<div class=\"elementor-widget-container\">\n\t\t\t\t\t<div class=\"elementor-spacer\">\n\t\t\t<div class=\"elementor-spacer-inner\"><\/div>\n\t\t<\/div>\n\t\t\t\t<\/div>\n\t\t\t\t<\/div>\n\t\t\t\t<section class=\"elementor-section elementor-inner-section elementor-element elementor-element-62fc18a elementor-section-boxed elementor-section-height-default elementor-section-height-default\" data-id=\"62fc18a\" data-element_type=\"section\">\n\t\t\t\t\t\t<div class=\"elementor-container elementor-column-gap-default\">\n\t\t\t\t\t<div class=\"elementor-column elementor-col-50 elementor-inner-column elementor-element elementor-element-c54b641\" data-id=\"c54b641\" data-element_type=\"column\">\n\t\t\t<div class=\"elementor-widget-wrap elementor-element-populated\">\n\t\t\t\t\t\t<div class=\"elementor-element elementor-element-d17bc10 elementor-widget elementor-widget-text-editor\" data-id=\"d17bc10\" data-element_type=\"widget\" data-widget_type=\"text-editor.default\">\n\t\t\t\t<div class=\"elementor-widget-container\">\n\t\t\t\t\t\t\t<p style=\"text-align: center;\"><span style=\"font-weight: 400;\">+K Led at\u00f3pase no Barrio de Os Rosales ( A Coru\u00f1a ), na r\u00faa Manuel Aza\u00f1a 23 Baixo A.\u00a0<\/span><\/p><p style=\"text-align: center;\"><span style=\"font-weight: 400;\">Tel\u00e9fono de contacto: <a href=\"tel: 34649278180\">649278180<\/a><\/span><\/p><p style=\"text-align: center;\"><span style=\"font-weight: 400;\">Email: <\/span><a href=\"mailto:maiskled@gmail.com\"><span style=\"font-weight: 400;\">maiskled@gmail.com<\/span><\/a><\/p><p style=\"text-align: center;\">\u00a0<\/p>\t\t\t\t\t\t<\/div>\n\t\t\t\t<\/div>\n\t\t\t\t\t<\/div>\n\t\t<\/div>\n\t\t\t\t<div class=\"elementor-column elementor-col-50 elementor-inner-column elementor-element elementor-element-1f5d4e8\" data-id=\"1f5d4e8\" data-element_type=\"column\">\n\t\t\t<div class=\"elementor-widget-wrap elementor-element-populated\">\n\t\t\t\t\t\t<div class=\"elementor-element elementor-element-7512e2e elementor-widget elementor-widget-text-editor\" data-id=\"7512e2e\" data-element_type=\"widget\" data-widget_type=\"text-editor.default\">\n\t\t\t\t<div class=\"elementor-widget-container\">\n\t\t\t\t\t\t\t<p style=\"text-align: center;\"><b>Como xa sabedes, non te\u00f1o horario fixo de apertura e de peche<\/b>.\u00a0<\/p><p style=\"text-align: center;\">Un Horario orientativo ser\u00eda o seguinte:<\/p><p style=\"text-align: center;\">Lunes a Viernes de 10:30 a 14:00\u00a0 e de 18:00 a 21:00<\/p><p style=\"text-align: center;\">S\u00e1bado de 11:00 a 14:30<\/p><p style=\"text-align: center;\">S\u00e1bado tarde y Domingo cerrados<\/p><p style=\"text-align: center;\"><b>\u00a1\u00a1Sempre que me atopedes na Tenda seredes atendidos!!<\/b><\/p>\t\t\t\t\t\t<\/div>\n\t\t\t\t<\/div>\n\t\t\t\t\t<\/div>\n\t\t<\/div>\n\t\t\t\t\t<\/div>\n\t\t<\/section>\n\t\t\t\t<div class=\"elementor-element elementor-element-96af951 elementor-widget elementor-widget-spacer\" data-id=\"96af951\" data-element_type=\"widget\" data-widget_type=\"spacer.default\">\n\t\t\t\t<div class=\"elementor-widget-container\">\n\t\t\t\t\t<div class=\"elementor-spacer\">\n\t\t\t<div class=\"elementor-spacer-inner\"><\/div>\n\t\t<\/div>\n\t\t\t\t<\/div>\n\t\t\t\t<\/div>\n\t\t\t\t<div class=\"elementor-element elementor-element-e5862eb elementor-widget elementor-widget-google_maps\" data-id=\"e5862eb\" data-element_type=\"widget\" data-settings=\"{&quot;_animation_mobile&quot;:&quot;none&quot;}\" data-widget_type=\"google_maps.default\">\n\t\t\t\t<div class=\"elementor-widget-container\">\n\t\t\t\t\t<div class=\"elementor-custom-embed\">\n\t\t\t<iframe loading=\"lazy\"\n\t\t\t\t\tsrc=\"https:\/\/maps.google.com\/maps?q=Maiskled&#038;t=m&#038;z=18&#038;output=embed&#038;iwloc=near\"\n\t\t\t\t\ttitle=\"Maiskled\"\n\t\t\t\t\taria-label=\"Maiskled\"\n\t\t\t><\/iframe>\n\t\t<\/div>\n\t\t\t\t<\/div>\n\t\t\t\t<\/div>\n\t\t\t\t<div class=\"elementor-element elementor-element-cd1bea5 elementor-widget elementor-widget-spacer\" data-id=\"cd1bea5\" data-element_type=\"widget\" data-widget_type=\"spacer.default\">\n\t\t\t\t<div class=\"elementor-widget-container\">\n\t\t\t\t\t<div class=\"elementor-spacer\">\n\t\t\t<div class=\"elementor-spacer-inner\"><\/div>\n\t\t<\/div>\n\t\t\t\t<\/div>\n\t\t\t\t<\/div>\n\t\t\t\t<section class=\"elementor-section elementor-inner-section elementor-element elementor-element-f744440 elementor-section-boxed elementor-section-height-default elementor-section-height-default\" data-id=\"f744440\" data-element_type=\"section\">\n\t\t\t\t\t\t<div class=\"elementor-container elementor-column-gap-default\">\n\t\t\t\t\t<div class=\"elementor-column elementor-col-50 elementor-inner-column elementor-element elementor-element-54a0310\" data-id=\"54a0310\" data-element_type=\"column\">\n\t\t\t<div class=\"elementor-widget-wrap elementor-element-populated\">\n\t\t\t\t\t\t<div class=\"elementor-element elementor-element-1993f4d elementor-widget elementor-widget-heading\" data-id=\"1993f4d\" data-element_type=\"widget\" data-widget_type=\"heading.default\">\n\t\t\t\t<div class=\"elementor-widget-container\">\n\t\t\t<h2 class=\"elementor-heading-title elementor-size-default\">Escr\u00edbeme al Whatsapp<\/h2>\t\t<\/div>\n\t\t\t\t<\/div>\n\t\t\t\t<div class=\"elementor-element elementor-element-f47f1e1 elementor-align-center elementor-widget elementor-widget-button\" data-id=\"f47f1e1\" data-element_type=\"widget\" data-widget_type=\"button.default\">\n\t\t\t\t<div class=\"elementor-widget-container\">\n\t\t\t\t\t\t\t<div class=\"elementor-button-wrapper\">\n\t\t\t\t\t<a class=\"elementor-button elementor-button-link elementor-size-sm elementor-animation-grow\" href=\"https:\/\/wa.me\/34649278180?text=Redirixido%20desde%20https:\/\/Maiskled.es\">\n\t\t\t\t\t\t<span class=\"elementor-button-content-wrapper\">\n\t\t\t\t\t\t<span class=\"elementor-button-icon\">\n\t\t\t\t<i aria-hidden=\"true\" class=\"fab fa-whatsapp\"><\/i>\t\t\t<\/span>\n\t\t\t\t\t\t\t\t\t<span class=\"elementor-button-text\">Chat no Whatsapp<\/span>\n\t\t\t\t\t<\/span>\n\t\t\t\t\t<\/a>\n\t\t\t\t<\/div>\n\t\t\t\t\t\t<\/div>\n\t\t\t\t<\/div>\n\t\t\t\t\t<\/div>\n\t\t<\/div>\n\t\t\t\t<div class=\"elementor-column elementor-col-50 elementor-inner-column elementor-element elementor-element-d05e54a\" data-id=\"d05e54a\" data-element_type=\"column\">\n\t\t\t<div class=\"elementor-widget-wrap elementor-element-populated\">\n\t\t\t\t\t\t<div class=\"elementor-element elementor-element-e517947 elementor-widget elementor-widget-image\" data-id=\"e517947\" data-element_type=\"widget\" data-widget_type=\"image.default\">\n\t\t\t\t<div class=\"elementor-widget-container\">\n\t\t\t\t\t\t\t\t\t\t\t\t\t<img fetchpriority=\"high\" decoding=\"async\" width=\"529\" height=\"274\" src=\"https:\/\/maiskled.com\/wp-content\/uploads\/2023\/02\/logo_KLed.png\" class=\"attachment-large size-large wp-image-337\" alt=\"\" srcset=\"https:\/\/maiskled.com\/wp-content\/uploads\/2023\/02\/logo_KLed.png 529w, https:\/\/maiskled.com\/wp-content\/uploads\/2023\/02\/logo_KLed-300x155.png 300w, https:\/\/maiskled.com\/wp-content\/uploads\/2023\/02\/logo_KLed-18x9.png 18w\" sizes=\"(max-width: 529px) 100vw, 529px\" \/>\t\t\t\t\t\t\t\t\t\t\t\t\t<\/div>\n\t\t\t\t<\/div>\n\t\t\t\t\t<\/div>\n\t\t<\/div>\n\t\t\t\t\t<\/div>\n\t\t<\/section>\n\t\t\t\t<div class=\"elementor-element elementor-element-9bf3e97 elementor-widget elementor-widget-spacer\" data-id=\"9bf3e97\" data-element_type=\"widget\" data-widget_type=\"spacer.default\">\n\t\t\t\t<div class=\"elementor-widget-container\">\n\t\t\t\t\t<div class=\"elementor-spacer\">\n\t\t\t<div class=\"elementor-spacer-inner\"><\/div>\n\t\t<\/div>\n\t\t\t\t<\/div>\n\t\t\t\t<\/div>\n\t\t\t\t\t<\/div>\n\t\t<\/div>\n\t\t\t\t\t<\/div>\n\t\t<\/section>\n\t\t\t\t<\/div>","protected":false},"excerpt":{"rendered":"<p>ONDE ESTAMOS +K Led at\u00f3pase no Barrio de Os Rosales ( A Coru\u00f1a ), na r\u00faa Manuel Aza\u00f1a 23 Baixo A.\u00a0 Tel\u00e9fono de contacto: 649278180 Email: maiskled@gmail.com \u00a0 Como xa sabedes, non te\u00f1o horario fixo de apertura e de peche.\u00a0 Un Horario orientativo ser\u00eda o seguinte: Luns a Venres de 10:30 a 14:00\u00a0 e de [&hellip;]<\/p>","protected":false},"author":1,"featured_media":0,"parent":0,"menu_order":0,"comment_status":"closed","ping_status":"closed","template":"","meta":{"_monsterinsights_skip_tracking":false,"_monsterinsights_sitenote_active":false,"_monsterinsights_sitenote_note":"","_monsterinsights_sitenote_category":0,"_uf_show_specific_survey":0,"_uf_disable_surveys":false,"footnotes":""},"class_list":["post-388","page","type-page","status-publish","hentry"],"aioseo_notices":[],"_links":{"self":[{"href":"https:\/\/maiskled.com\/es\/wp-json\/wp\/v2\/pages\/388","targetHints":{"allow":["GET"]}}],"collection":[{"href":"https:\/\/maiskled.com\/es\/wp-json\/wp\/v2\/pages"}],"about":[{"href":"https:\/\/maiskled.com\/es\/wp-json\/wp\/v2\/types\/page"}],"author":[{"embeddable":true,"href":"https:\/\/maiskled.com\/es\/wp-json\/wp\/v2\/users\/1"}],"replies":[{"embeddable":true,"href":"https:\/\/maiskled.com\/es\/wp-json\/wp\/v2\/comments?post=388"}],"version-history":[{"count":24,"href":"https:\/\/maiskled.com\/es\/wp-json\/wp\/v2\/pages\/388\/revisions"}],"predecessor-version":[{"id":980,"href":"https:\/\/maiskled.com\/es\/wp-json\/wp\/v2\/pages\/388\/revisions\/980"}],"wp:attachment":[{"href":"https:\/\/maiskled.com\/es\/wp-json\/wp\/v2\/media?parent=388"}],"curies":[{"name":"wp","href":"https:\/\/api.w.org\/{rel}","templated":true}]}}